{"id":708,"date":"2025-02-12T17:28:28","date_gmt":"2025-02-12T16:28:28","guid":{"rendered":"https:\/\/priizma.com\/?page_id=708"},"modified":"2025-04-04T09:50:32","modified_gmt":"2025-04-04T07:50:32","slug":"newsroom","status":"publish","type":"page","link":"https:\/\/priizma.com\/index.php\/newsroom\/","title":{"rendered":"Newsroom"},"content":{"rendered":"<style>.wp-block-kadence-advancedheading.kt-adv-heading708_bb1243-a6, .wp-block-kadence-advancedheading.kt-adv-heading708_bb1243-a6[data-kb-block=\"kb-adv-heading708_bb1243-a6\"]{font-size:var(--global-kb-font-size-xl, 3rem);font-weight:900;font-style:normal;font-family:Barlow;}.wp-block-kadence-advancedheading.kt-adv-heading708_bb1243-a6 mark.kt-highlight, .wp-block-kadence-advancedheading.kt-adv-heading708_bb1243-a6[data-kb-block=\"kb-adv-heading708_bb1243-a6\"] mark.kt-highlight{font-style:normal;color:#f76a0c;-webkit-box-decoration-break:clone;box-decoration-break:clone;padding-top:0px;padding-right:0px;padding-bottom:0px;padding-left:0px;}.wp-block-kadence-advancedheading.kt-adv-heading708_bb1243-a6 img.kb-inline-image, .wp-block-kadence-advancedheading.kt-adv-heading708_bb1243-a6[data-kb-block=\"kb-adv-heading708_bb1243-a6\"] img.kb-inline-image{width:150px;vertical-align:baseline;}<\/style>\n<h1 class=\"kt-adv-heading708_bb1243-a6 wp-block-kadence-advancedheading\" data-kb-block=\"kb-adv-heading708_bb1243-a6\">Newsroom<\/h1>\n\n\n<style>.kb-row-layout-id708_1b6d96-7a > .kt-row-column-wrap{align-content:start;}:where(.kb-row-layout-id708_1b6d96-7a > .kt-row-column-wrap) > .wp-block-kadence-column{justify-content:start;}.kb-row-layout-id708_1b6d96-7a > .kt-row-column-wrap{column-gap:var(--global-kb-gap-md, 2rem);row-gap:var(--global-kb-gap-md, 2rem);max-width:var( --global-content-width, 1290px );padding-left:var(--global-content-edge-padding);padding-right:var(--global-content-edge-padding);padding-top:var(--global-kb-spacing-sm, 1.5rem);padding-bottom:var(--global-kb-spacing-sm, 1.5rem);grid-template-columns:minmax(0, 1fr);}.kb-row-layout-id708_1b6d96-7a > .kt-row-layout-overlay{opacity:0.30;}@media all and (max-width: 1024px){.kb-row-layout-id708_1b6d96-7a > .kt-row-column-wrap{grid-template-columns:minmax(0, 1fr);}}@media all and (max-width: 767px){.kb-row-layout-id708_1b6d96-7a > .kt-row-column-wrap{grid-template-columns:minmax(0, 1fr);}}<\/style><div class=\"kb-row-layout-wrap kb-row-layout-id708_1b6d96-7a alignfull wp-block-kadence-rowlayout\"><div class=\"kt-row-column-wrap kt-has-1-columns kt-row-layout-equal kt-tab-layout-inherit kt-mobile-layout-row kt-row-valign-top kb-theme-content-width\">\n<style>.kadence-column708_d740c7-d5 > .kt-inside-inner-col,.kadence-column708_d740c7-d5 > .kt-inside-inner-col:before{border-top-left-radius:10px;border-top-right-radius:10px;border-bottom-right-radius:10px;border-bottom-left-radius:10px;}.kadence-column708_d740c7-d5 > .kt-inside-inner-col{column-gap:var(--global-kb-gap-sm, 1rem);}.kadence-column708_d740c7-d5 > .kt-inside-inner-col{flex-direction:column;}.kadence-column708_d740c7-d5 > .kt-inside-inner-col > .aligncenter{width:100%;}.kadence-column708_d740c7-d5 > .kt-inside-inner-col:before{opacity:0.3;}.kadence-column708_d740c7-d5{position:relative;}@media all and (max-width: 1024px){.kadence-column708_d740c7-d5 > .kt-inside-inner-col{flex-direction:column;justify-content:center;}}@media all and (max-width: 767px){.kadence-column708_d740c7-d5 > .kt-inside-inner-col{flex-direction:column;justify-content:center;}}<\/style>\n<div class=\"wp-block-kadence-column kadence-column708_d740c7-d5\"><div class=\"kt-inside-inner-col\"><style>.kb-posts-id-708_365c8c-57 .kb-post-list-item{display:grid;}<\/style><ul class=\"wp-block-kadence-posts kb-posts kadence-posts-list kb-posts-id-708_365c8c-57 content-wrap grid-cols kb-posts-style-boxed grid-sm-col-1 grid-lg-col-1 item-image-style-beside\"><li class=\"kb-post-list-item\">\n\t<article class=\"entry content-bg loop-entry post-730 post type-post status-publish format-standard has-post-thumbnail hentry category-communique-priizma category-newsroom\">\n\t\t\t\t<a aria-hidden=\"true\" tabindex=\"-1\" role=\"presentation\" class=\"post-thumbnail kadence-thumbnail-ratio-5-4\" href=\"https:\/\/priizma.com\/index.php\/2025\/02\/18\/priizma-devient-partenaire-privilege-de-btp-loire\/\" aria-label=\"PRIIZMA devient Partenaire Privil\u00e8ge de BTP Loire\">\n\t\t\t<div class=\"post-thumbnail-inner\">\n\t\t\t\t<img loading=\"lazy\" decoding=\"async\" width=\"1200\" height=\"1500\" src=\"https:\/\/priizma.com\/wp-content\/uploads\/2025\/02\/collab-priizma-x-BTP-Loire-png.avif\" class=\"attachment-full size-full wp-post-image\" alt=\"PRIIZMA devient Partenaire Privil\u00e8ge de BTP Loire\" srcset=\"https:\/\/priizma.com\/wp-content\/uploads\/2025\/02\/collab-priizma-x-BTP-Loire-png.avif 1200w, https:\/\/priizma.com\/wp-content\/uploads\/2025\/02\/collab-priizma-x-BTP-Loire-240x300.avif 240w, https:\/\/priizma.com\/wp-content\/uploads\/2025\/02\/collab-priizma-x-BTP-Loire-819x1024.avif 819w, https:\/\/priizma.com\/wp-content\/uploads\/2025\/02\/collab-priizma-x-BTP-Loire-768x960.avif 768w\" sizes=\"auto, (max-width: 1200px) 100vw, 1200px\" \/>\t\t\t<\/div>\n\t\t<\/a><!-- .post-thumbnail -->\n\t\t\t\t<div class=\"entry-content-wrap\">\n\t\t\t<header class=\"entry-header\">\n\t\t<div class=\"entry-taxonomies\">\n\t\t<span class=\"category-links term-links category-style-normal\">\n\t\t\t<a href=\"https:\/\/priizma.com\/index.php\/category\/newsroom\/communique-priizma\/\" class=\"category-link-communique-priizma\" rel=\"tag\">COMMUNIQU\u00c9 DE PRIIZMA<\/a> | <a href=\"https:\/\/priizma.com\/index.php\/category\/newsroom\/\" class=\"category-link-newsroom\" rel=\"tag\">Newsroom<\/a>\t\t<\/span>\n\t<\/div><!-- .entry-taxonomies -->\n\t<h2 class=\"entry-title\"><a href=\"https:\/\/priizma.com\/index.php\/2025\/02\/18\/priizma-devient-partenaire-privilege-de-btp-loire\/\" rel=\"bookmark\">PRIIZMA devient Partenaire Privil\u00e8ge de BTP Loire<\/a><\/h2>\t<div class=\"entry-meta entry-meta-divider-dot\">\n\t\t\t\t<span class=\"posted-on\">\n\t\t\t\t<time class=\"entry-date published\" datetime=\"2025-02-18T14:36:37+01:00\">18 f\u00e9vrier 2025<\/time><time class=\"updated\" datetime=\"2025-02-18T14:57:05+01:00\">18 f\u00e9vrier 2025<\/time>\t\t\t<\/span>\n\t\t\t\t<\/div><!-- .entry-meta -->\n\t<\/header><!-- .entry-header -->\n\t<div class=\"entry-summary\">\n\t\t<p>PRIIZMA &amp; BTP Loire : une synergie pour accompagner la croissance des entreprises du BTP Chantiers, recrutements, gestion de la tr\u00e9sorerie, suivi des d\u00e9lais, relations clients, transition environnementale\u2026 Les entreprises du b\u00e2timent font face \u00e0 de multiples d\u00e9fis. Dans ce contexte, la F\u00e9d\u00e9ration du BTP de la Loire est un acteur incontournable\u202f: elle repr\u00e9sente les&#8230;<\/p>\n\t<\/div><!-- .entry-summary -->\n\t<footer class=\"entry-footer\">\n\t\t\t<div class=\"entry-actions\">\n\t\t\t<p class=\"more-link-wrap\">\n\t\t\t\t<a href=\"https:\/\/priizma.com\/index.php\/2025\/02\/18\/priizma-devient-partenaire-privilege-de-btp-loire\/\" class=\"post-more-link\">\n\t\t\t\t\tLire la suite<span class=\"screen-reader-text\"> PRIIZMA devient Partenaire Privil\u00e8ge de BTP Loire<\/span><span class=\"kadence-svg-iconset svg-baseline\"><svg aria-hidden=\"true\" class=\"kadence-svg-icon kadence-arrow-right-alt-svg\" fill=\"currentColor\" version=\"1.1\" xmlns=\"http:\/\/www.w3.org\/2000\/svg\" width=\"27\" height=\"28\" viewBox=\"0 0 27 28\"><title>Continuer<\/title><path d=\"M27 13.953c0 0.141-0.063 0.281-0.156 0.375l-6 5.531c-0.156 0.141-0.359 0.172-0.547 0.094-0.172-0.078-0.297-0.25-0.297-0.453v-3.5h-19.5c-0.281 0-0.5-0.219-0.5-0.5v-3c0-0.281 0.219-0.5 0.5-0.5h19.5v-3.5c0-0.203 0.109-0.375 0.297-0.453s0.391-0.047 0.547 0.078l6 5.469c0.094 0.094 0.156 0.219 0.156 0.359v0z\"><\/path>\n\t\t\t<\/svg><\/span>\t\t\t\t<\/a>\n\t\t\t<\/p>\n\t\t<\/div><!-- .entry-actions -->\n\t\t<\/footer><!-- .entry-footer -->\t\t<\/div>\n\t<\/article>\n<\/li>\n<\/ul><\/div><\/div>\n\n<\/div><\/div>\n\n<style>.kb-row-layout-id708_d542ef-a9 > .kt-row-column-wrap{align-content:start;}:where(.kb-row-layout-id708_d542ef-a9 > .kt-row-column-wrap) > .wp-block-kadence-column{justify-content:start;}.kb-row-layout-id708_d542ef-a9 > .kt-row-column-wrap{column-gap:var(--global-kb-gap-md, 2rem);row-gap:var(--global-kb-gap-md, 2rem);max-width:var( --global-content-width, 1290px );padding-left:var(--global-content-edge-padding);padding-right:var(--global-content-edge-padding);padding-top:var(--global-kb-spacing-sm, 1.5rem);padding-bottom:var(--global-kb-spacing-sm, 1.5rem);grid-template-columns:minmax(0, 1fr);}.kb-row-layout-id708_d542ef-a9 > .kt-row-layout-overlay{opacity:0.30;}@media all and (max-width: 1024px){.kb-row-layout-id708_d542ef-a9 > .kt-row-column-wrap{grid-template-columns:minmax(0, 1fr);}}@media all and (max-width: 767px){.kb-row-layout-id708_d542ef-a9 > .kt-row-column-wrap{grid-template-columns:minmax(0, 1fr);}}<\/style><div class=\"kb-row-layout-wrap kb-row-layout-id708_d542ef-a9 alignfull wp-block-kadence-rowlayout\"><div class=\"kt-row-column-wrap kt-has-1-columns kt-row-layout-equal kt-tab-layout-inherit kt-mobile-layout-row kt-row-valign-top kb-theme-content-width\">\n<style>.kadence-column708_b25d6a-09 > .kt-inside-inner-col,.kadence-column708_b25d6a-09 > .kt-inside-inner-col:before{border-top-left-radius:0px;border-top-right-radius:0px;border-bottom-right-radius:0px;border-bottom-left-radius:0px;}.kadence-column708_b25d6a-09 > .kt-inside-inner-col{column-gap:var(--global-kb-gap-sm, 1rem);}.kadence-column708_b25d6a-09 > .kt-inside-inner-col{flex-direction:column;}.kadence-column708_b25d6a-09 > .kt-inside-inner-col > .aligncenter{width:100%;}.kadence-column708_b25d6a-09 > .kt-inside-inner-col:before{opacity:0.3;}.kadence-column708_b25d6a-09{position:relative;}@media all and (max-width: 1024px){.kadence-column708_b25d6a-09 > .kt-inside-inner-col{flex-direction:column;justify-content:center;}}@media all and (max-width: 767px){.kadence-column708_b25d6a-09 > .kt-inside-inner-col{flex-direction:column;justify-content:center;}}<\/style>\n<div class=\"wp-block-kadence-column kadence-column708_b25d6a-09\"><div class=\"kt-inside-inner-col\"><style>.kb-posts-id-708_479a23-91 .kb-post-list-item{display:grid;}<\/style><ul class=\"wp-block-kadence-posts kb-posts kadence-posts-list kb-posts-id-708_479a23-91 content-wrap grid-cols kb-posts-style-boxed grid-sm-col-2 grid-lg-col-2 item-image-style-above\"><li class=\"kb-post-list-item\">\n\t<article class=\"entry content-bg loop-entry post-767 post type-post status-publish format-standard has-post-thumbnail hentry category-actualite\">\n\t\t\t\t<a aria-hidden=\"true\" tabindex=\"-1\" role=\"presentation\" class=\"post-thumbnail kadence-thumbnail-ratio-inherit\" href=\"https:\/\/priizma.com\/index.php\/2025\/03\/17\/pourquoi-le-lean-construction-est-indispensable-avant-lia\/\" aria-label=\"Pourquoi le Lean Construction est indispensable avant l\u2019IA\">\n\t\t\t<div class=\"post-thumbnail-inner\">\n\t\t\t\t<img loading=\"lazy\" decoding=\"async\" width=\"768\" height=\"431\" src=\"https:\/\/priizma.com\/wp-content\/uploads\/2025\/03\/image-blog.svg\" class=\"attachment-medium_large size-medium_large wp-post-image\" alt=\"Pourquoi le Lean Construction est indispensable avant l\u2019IA\" \/>\t\t\t<\/div>\n\t\t<\/a><!-- .post-thumbnail -->\n\t\t\t\t<div class=\"entry-content-wrap\">\n\t\t\t<header class=\"entry-header\">\n\t\t<div class=\"entry-taxonomies\">\n\t\t<span class=\"category-links term-links category-style-normal\">\n\t\t\t<a href=\"https:\/\/priizma.com\/index.php\/category\/newsroom\/actualite\/\" class=\"category-link-actualite\" rel=\"tag\">ACTUALIT\u00c9<\/a>\t\t<\/span>\n\t<\/div><!-- .entry-taxonomies -->\n\t<h2 class=\"entry-title\"><a href=\"https:\/\/priizma.com\/index.php\/2025\/03\/17\/pourquoi-le-lean-construction-est-indispensable-avant-lia\/\" rel=\"bookmark\">Pourquoi le Lean Construction est indispensable avant l\u2019IA<\/a><\/h2>\t<div class=\"entry-meta entry-meta-divider-dot\">\n\t\t\t\t<span class=\"posted-on\">\n\t\t\t\t<time class=\"entry-date published\" datetime=\"2025-03-17T10:34:25+01:00\">17 mars 2025<\/time><time class=\"updated\" datetime=\"2025-03-17T10:34:27+01:00\">17 mars 2025<\/time>\t\t\t<\/span>\n\t\t\t\t<\/div><!-- .entry-meta -->\n\t<\/header><!-- .entry-header -->\n<footer class=\"entry-footer\">\n\t\t\t<div class=\"entry-actions\">\n\t\t\t<p class=\"more-link-wrap\">\n\t\t\t\t<a href=\"https:\/\/priizma.com\/index.php\/2025\/03\/17\/pourquoi-le-lean-construction-est-indispensable-avant-lia\/\" class=\"post-more-link\">\n\t\t\t\t\tLire la suite<span class=\"screen-reader-text\"> Pourquoi le Lean Construction est indispensable avant l\u2019IA<\/span><span class=\"kadence-svg-iconset svg-baseline\"><svg aria-hidden=\"true\" class=\"kadence-svg-icon kadence-arrow-right-alt-svg\" fill=\"currentColor\" version=\"1.1\" xmlns=\"http:\/\/www.w3.org\/2000\/svg\" width=\"27\" height=\"28\" viewBox=\"0 0 27 28\"><title>Continuer<\/title><path d=\"M27 13.953c0 0.141-0.063 0.281-0.156 0.375l-6 5.531c-0.156 0.141-0.359 0.172-0.547 0.094-0.172-0.078-0.297-0.25-0.297-0.453v-3.5h-19.5c-0.281 0-0.5-0.219-0.5-0.5v-3c0-0.281 0.219-0.5 0.5-0.5h19.5v-3.5c0-0.203 0.109-0.375 0.297-0.453s0.391-0.047 0.547 0.078l6 5.469c0.094 0.094 0.156 0.219 0.156 0.359v0z\"><\/path>\n\t\t\t<\/svg><\/span>\t\t\t\t<\/a>\n\t\t\t<\/p>\n\t\t<\/div><!-- .entry-actions -->\n\t\t<\/footer><!-- .entry-footer -->\t\t<\/div>\n\t<\/article>\n<\/li>\n<li class=\"kb-post-list-item\">\n\t<article class=\"entry content-bg loop-entry post-760 post type-post status-publish format-standard has-post-thumbnail hentry category-actualite category-newsroom\">\n\t\t\t\t<a aria-hidden=\"true\" tabindex=\"-1\" role=\"presentation\" class=\"post-thumbnail kadence-thumbnail-ratio-inherit\" href=\"https:\/\/priizma.com\/index.php\/2025\/03\/04\/la-compagnie-des-deboucheurs-lentreprise-qui-revolutionne-le-debouchage-de-canalisations\/\" aria-label=\"La Compagnie des D\u00e9boucheurs : l&rsquo;entreprise qui r\u00e9volutionne le d\u00e9bouchage de canalisations\">\n\t\t\t<div class=\"post-thumbnail-inner\">\n\t\t\t\t<img loading=\"lazy\" decoding=\"async\" width=\"768\" height=\"432\" src=\"https:\/\/priizma.com\/wp-content\/uploads\/2025\/03\/Nouveau-partenariat-1280-x-720-px-2-768x432.avif\" class=\"attachment-medium_large size-medium_large wp-post-image\" alt=\"La Compagnie des D\u00e9boucheurs : l&rsquo;entreprise qui r\u00e9volutionne le d\u00e9bouchage de canalisations\" srcset=\"https:\/\/priizma.com\/wp-content\/uploads\/2025\/03\/Nouveau-partenariat-1280-x-720-px-2-768x432.avif 768w, https:\/\/priizma.com\/wp-content\/uploads\/2025\/03\/Nouveau-partenariat-1280-x-720-px-2-300x169.avif 300w, https:\/\/priizma.com\/wp-content\/uploads\/2025\/03\/Nouveau-partenariat-1280-x-720-px-2-1024x576.avif 1024w, https:\/\/priizma.com\/wp-content\/uploads\/2025\/03\/Nouveau-partenariat-1280-x-720-px-2-1536x864.avif 1536w, https:\/\/priizma.com\/wp-content\/uploads\/2025\/03\/Nouveau-partenariat-1280-x-720-px-2-2048x1152.avif 2048w\" sizes=\"auto, (max-width: 768px) 100vw, 768px\" \/>\t\t\t<\/div>\n\t\t<\/a><!-- .post-thumbnail -->\n\t\t\t\t<div class=\"entry-content-wrap\">\n\t\t\t<header class=\"entry-header\">\n\t\t<div class=\"entry-taxonomies\">\n\t\t<span class=\"category-links term-links category-style-normal\">\n\t\t\t<a href=\"https:\/\/priizma.com\/index.php\/category\/newsroom\/actualite\/\" class=\"category-link-actualite\" rel=\"tag\">ACTUALIT\u00c9<\/a> | <a href=\"https:\/\/priizma.com\/index.php\/category\/newsroom\/\" class=\"category-link-newsroom\" rel=\"tag\">Newsroom<\/a>\t\t<\/span>\n\t<\/div><!-- .entry-taxonomies -->\n\t<h2 class=\"entry-title\"><a href=\"https:\/\/priizma.com\/index.php\/2025\/03\/04\/la-compagnie-des-deboucheurs-lentreprise-qui-revolutionne-le-debouchage-de-canalisations\/\" rel=\"bookmark\">La Compagnie des D\u00e9boucheurs : l&rsquo;entreprise qui r\u00e9volutionne le d\u00e9bouchage de canalisations<\/a><\/h2>\t<div class=\"entry-meta entry-meta-divider-dot\">\n\t\t\t\t<span class=\"posted-on\">\n\t\t\t\t<time class=\"entry-date published\" datetime=\"2025-03-04T11:49:43+01:00\">4 mars 2025<\/time><time class=\"updated\" datetime=\"2025-03-04T11:53:35+01:00\">4 mars 2025<\/time>\t\t\t<\/span>\n\t\t\t\t<\/div><!-- .entry-meta -->\n\t<\/header><!-- .entry-header -->\n<footer class=\"entry-footer\">\n\t\t\t<div class=\"entry-actions\">\n\t\t\t<p class=\"more-link-wrap\">\n\t\t\t\t<a href=\"https:\/\/priizma.com\/index.php\/2025\/03\/04\/la-compagnie-des-deboucheurs-lentreprise-qui-revolutionne-le-debouchage-de-canalisations\/\" class=\"post-more-link\">\n\t\t\t\t\tLire la suite<span class=\"screen-reader-text\"> La Compagnie des D\u00e9boucheurs : l&rsquo;entreprise qui r\u00e9volutionne le d\u00e9bouchage de canalisations<\/span><span class=\"kadence-svg-iconset svg-baseline\"><svg aria-hidden=\"true\" class=\"kadence-svg-icon kadence-arrow-right-alt-svg\" fill=\"currentColor\" version=\"1.1\" xmlns=\"http:\/\/www.w3.org\/2000\/svg\" width=\"27\" height=\"28\" viewBox=\"0 0 27 28\"><title>Continuer<\/title><path d=\"M27 13.953c0 0.141-0.063 0.281-0.156 0.375l-6 5.531c-0.156 0.141-0.359 0.172-0.547 0.094-0.172-0.078-0.297-0.25-0.297-0.453v-3.5h-19.5c-0.281 0-0.5-0.219-0.5-0.5v-3c0-0.281 0.219-0.5 0.5-0.5h19.5v-3.5c0-0.203 0.109-0.375 0.297-0.453s0.391-0.047 0.547 0.078l6 5.469c0.094 0.094 0.156 0.219 0.156 0.359v0z\"><\/path>\n\t\t\t<\/svg><\/span>\t\t\t\t<\/a>\n\t\t\t<\/p>\n\t\t<\/div><!-- .entry-actions -->\n\t\t<\/footer><!-- .entry-footer -->\t\t<\/div>\n\t<\/article>\n<\/li>\n<\/ul><\/div><\/div>\n\n<\/div><\/div>","protected":false},"excerpt":{"rendered":"<p>Newsroom<\/p>\n","protected":false},"author":1,"featured_media":0,"parent":0,"menu_order":0,"comment_status":"closed","ping_status":"closed","template":"","meta":{"content-type":"","inline_featured_image":false,"_kad_post_transparent":"disable","_kad_post_title":"hide","_kad_post_layout":"narrow","_kad_post_sidebar_id":"","_kad_post_content_style":"default","_kad_post_vertical_padding":"","_kad_post_feature":"","_kad_post_feature_position":"","_kad_post_header":false,"_kad_post_footer":false,"_kad_post_classname":"","footnotes":""},"class_list":["post-708","page","type-page","status-publish","hentry"],"yoast_head":"<!-- This site is optimized with the Yoast SEO plugin v27.5 - https:\/\/yoast.com\/product\/yoast-seo-wordpress\/ -->\n<title>Newsroom - PRIIZMA<\/title>\n<meta name=\"robots\" content=\"index, follow, max-snippet:-1, max-image-preview:large, max-video-preview:-1\" \/>\n<link rel=\"canonical\" href=\"https:\/\/priizma.com\/index.php\/newsroom\/\" \/>\n<meta property=\"og:locale\" content=\"fr_FR\" \/>\n<meta property=\"og:type\" content=\"article\" \/>\n<meta property=\"og:title\" content=\"Newsroom - PRIIZMA\" \/>\n<meta property=\"og:description\" content=\"Newsroom\" \/>\n<meta property=\"og:url\" content=\"https:\/\/priizma.com\/index.php\/newsroom\/\" \/>\n<meta property=\"og:site_name\" content=\"PRIIZMA\" \/>\n<meta property=\"article:modified_time\" content=\"2025-04-04T07:50:32+00:00\" \/>\n<meta name=\"twitter:card\" content=\"summary_large_image\" \/>\n<meta name=\"twitter:label1\" content=\"Dur\u00e9e de lecture estim\u00e9e\" \/>\n\t<meta name=\"twitter:data1\" content=\"1 minute\" \/>\n<script type=\"application\/ld+json\" class=\"yoast-schema-graph\">{\"@context\":\"https:\\\/\\\/schema.org\",\"@graph\":[{\"@type\":\"WebPage\",\"@id\":\"https:\\\/\\\/priizma.com\\\/index.php\\\/newsroom\\\/\",\"url\":\"https:\\\/\\\/priizma.com\\\/index.php\\\/newsroom\\\/\",\"name\":\"Newsroom - PRIIZMA\",\"isPartOf\":{\"@id\":\"https:\\\/\\\/priizma.com\\\/#website\"},\"datePublished\":\"2025-02-12T16:28:28+00:00\",\"dateModified\":\"2025-04-04T07:50:32+00:00\",\"breadcrumb\":{\"@id\":\"https:\\\/\\\/priizma.com\\\/index.php\\\/newsroom\\\/#breadcrumb\"},\"inLanguage\":\"fr-FR\",\"potentialAction\":[{\"@type\":\"ReadAction\",\"target\":[\"https:\\\/\\\/priizma.com\\\/index.php\\\/newsroom\\\/\"]}]},{\"@type\":\"BreadcrumbList\",\"@id\":\"https:\\\/\\\/priizma.com\\\/index.php\\\/newsroom\\\/#breadcrumb\",\"itemListElement\":[{\"@type\":\"ListItem\",\"position\":1,\"name\":\"Home\",\"item\":\"https:\\\/\\\/priizma.com\\\/\"},{\"@type\":\"ListItem\",\"position\":2,\"name\":\"Newsroom\"}]},{\"@type\":\"WebSite\",\"@id\":\"https:\\\/\\\/priizma.com\\\/#website\",\"url\":\"https:\\\/\\\/priizma.com\\\/\",\"name\":\"PRIIZMA\",\"description\":\"Le parcours de modernisation pour les entreprises du BTP\",\"publisher\":{\"@id\":\"https:\\\/\\\/priizma.com\\\/#\\\/schema\\\/person\\\/d43630f928d0637849fb59d1874787b6\"},\"potentialAction\":[{\"@type\":\"SearchAction\",\"target\":{\"@type\":\"EntryPoint\",\"urlTemplate\":\"https:\\\/\\\/priizma.com\\\/?s={search_term_string}\"},\"query-input\":{\"@type\":\"PropertyValueSpecification\",\"valueRequired\":true,\"valueName\":\"search_term_string\"}}],\"inLanguage\":\"fr-FR\"},{\"@type\":[\"Person\",\"Organization\"],\"@id\":\"https:\\\/\\\/priizma.com\\\/#\\\/schema\\\/person\\\/d43630f928d0637849fb59d1874787b6\",\"name\":\"priizma.com\",\"image\":{\"@type\":\"ImageObject\",\"inLanguage\":\"fr-FR\",\"@id\":\"https:\\\/\\\/priizma.com\\\/wp-content\\\/uploads\\\/2024\\\/03\\\/cropped-Logo-PRIIZMA-v2.png\",\"url\":\"https:\\\/\\\/priizma.com\\\/wp-content\\\/uploads\\\/2024\\\/03\\\/cropped-Logo-PRIIZMA-v2.png\",\"contentUrl\":\"https:\\\/\\\/priizma.com\\\/wp-content\\\/uploads\\\/2024\\\/03\\\/cropped-Logo-PRIIZMA-v2.png\",\"width\":1731,\"height\":1711,\"caption\":\"priizma.com\"},\"logo\":{\"@id\":\"https:\\\/\\\/priizma.com\\\/wp-content\\\/uploads\\\/2024\\\/03\\\/cropped-Logo-PRIIZMA-v2.png\"},\"sameAs\":[\"http:\\\/\\\/priizma.com\"]}]}<\/script>\n<!-- \/ Yoast SEO plugin. -->","yoast_head_json":{"title":"Newsroom - PRIIZMA","robots":{"index":"index","follow":"follow","max-snippet":"max-snippet:-1","max-image-preview":"max-image-preview:large","max-video-preview":"max-video-preview:-1"},"canonical":"https:\/\/priizma.com\/index.php\/newsroom\/","og_locale":"fr_FR","og_type":"article","og_title":"Newsroom - PRIIZMA","og_description":"Newsroom","og_url":"https:\/\/priizma.com\/index.php\/newsroom\/","og_site_name":"PRIIZMA","article_modified_time":"2025-04-04T07:50:32+00:00","twitter_card":"summary_large_image","twitter_misc":{"Dur\u00e9e de lecture estim\u00e9e":"1 minute"},"schema":{"@context":"https:\/\/schema.org","@graph":[{"@type":"WebPage","@id":"https:\/\/priizma.com\/index.php\/newsroom\/","url":"https:\/\/priizma.com\/index.php\/newsroom\/","name":"Newsroom - PRIIZMA","isPartOf":{"@id":"https:\/\/priizma.com\/#website"},"datePublished":"2025-02-12T16:28:28+00:00","dateModified":"2025-04-04T07:50:32+00:00","breadcrumb":{"@id":"https:\/\/priizma.com\/index.php\/newsroom\/#breadcrumb"},"inLanguage":"fr-FR","potentialAction":[{"@type":"ReadAction","target":["https:\/\/priizma.com\/index.php\/newsroom\/"]}]},{"@type":"BreadcrumbList","@id":"https:\/\/priizma.com\/index.php\/newsroom\/#breadcrumb","itemListElement":[{"@type":"ListItem","position":1,"name":"Home","item":"https:\/\/priizma.com\/"},{"@type":"ListItem","position":2,"name":"Newsroom"}]},{"@type":"WebSite","@id":"https:\/\/priizma.com\/#website","url":"https:\/\/priizma.com\/","name":"PRIIZMA","description":"Le parcours de modernisation pour les entreprises du BTP","publisher":{"@id":"https:\/\/priizma.com\/#\/schema\/person\/d43630f928d0637849fb59d1874787b6"},"potentialAction":[{"@type":"SearchAction","target":{"@type":"EntryPoint","urlTemplate":"https:\/\/priizma.com\/?s={search_term_string}"},"query-input":{"@type":"PropertyValueSpecification","valueRequired":true,"valueName":"search_term_string"}}],"inLanguage":"fr-FR"},{"@type":["Person","Organization"],"@id":"https:\/\/priizma.com\/#\/schema\/person\/d43630f928d0637849fb59d1874787b6","name":"priizma.com","image":{"@type":"ImageObject","inLanguage":"fr-FR","@id":"https:\/\/priizma.com\/wp-content\/uploads\/2024\/03\/cropped-Logo-PRIIZMA-v2.png","url":"https:\/\/priizma.com\/wp-content\/uploads\/2024\/03\/cropped-Logo-PRIIZMA-v2.png","contentUrl":"https:\/\/priizma.com\/wp-content\/uploads\/2024\/03\/cropped-Logo-PRIIZMA-v2.png","width":1731,"height":1711,"caption":"priizma.com"},"logo":{"@id":"https:\/\/priizma.com\/wp-content\/uploads\/2024\/03\/cropped-Logo-PRIIZMA-v2.png"},"sameAs":["http:\/\/priizma.com"]}]}},"_links":{"self":[{"href":"https:\/\/priizma.com\/index.php\/wp-json\/wp\/v2\/pages\/708","targetHints":{"allow":["GET"]}}],"collection":[{"href":"https:\/\/priizma.com\/index.php\/wp-json\/wp\/v2\/pages"}],"about":[{"href":"https:\/\/priizma.com\/index.php\/wp-json\/wp\/v2\/types\/page"}],"author":[{"embeddable":true,"href":"https:\/\/priizma.com\/index.php\/wp-json\/wp\/v2\/users\/1"}],"replies":[{"embeddable":true,"href":"https:\/\/priizma.com\/index.php\/wp-json\/wp\/v2\/comments?post=708"}],"version-history":[{"count":13,"href":"https:\/\/priizma.com\/index.php\/wp-json\/wp\/v2\/pages\/708\/revisions"}],"predecessor-version":[{"id":775,"href":"https:\/\/priizma.com\/index.php\/wp-json\/wp\/v2\/pages\/708\/revisions\/775"}],"wp:attachment":[{"href":"https:\/\/priizma.com\/index.php\/wp-json\/wp\/v2\/media?parent=708"}],"curies":[{"name":"wp","href":"https:\/\/api.w.org\/{rel}","templated":true}]}}