{"id":221,"date":"2024-06-10T14:20:40","date_gmt":"2024-06-10T12:20:40","guid":{"rendered":"https:\/\/priizma.com\/?page_id=221"},"modified":"2024-06-10T14:20:40","modified_gmt":"2024-06-10T12:20:40","slug":"identification-du-professionnel","status":"publish","type":"page","link":"https:\/\/priizma.com\/index.php\/identification-du-professionnel\/","title":{"rendered":"Identification du Professionnel"},"content":{"rendered":"\n<p><strong>Priizma &#8211; Conseil en marketing pour PME et TPE<\/strong><\/p>\n\n\n\n<p><strong>Adresse :<\/strong><br>1B chemin des ch\u00eanes,<br>42390 Villars, France<\/p>\n\n\n\n<p><strong>T\u00e9l\u00e9phone :<\/strong><br>+33 7 81 09 30 48<\/p>\n\n\n\n<p><strong>Adresse e-mail :<\/strong><br><a>a.gely@priizma.<\/a>com<\/p>\n\n\n\n<p><strong>Num\u00e9ro SIRET :<\/strong><br>987 736 998 00012<\/p>\n\n\n\n<p><strong>Responsable de la publication :<\/strong><br>Arthur Gely, Fondateur et Directeur<\/p>\n\n\n\n<p><strong>H\u00e9bergement du site :<\/strong><br>Nom de l&rsquo;h\u00e9bergeur : Hostinger<br>Adresse de l&rsquo;h\u00e9bergeur : HOSTINGER INTERNATIONAL LTD, 61 Lordou Vironos Street, 6023 Larnaca, Chypre<br>Joignable par le moyen suivant :https:\/\/www.hostinger.fr\/contact.<\/p>\n\n\n\n<p><strong>Conception et r\u00e9alisation du site :<\/strong><br>Priizma<\/p>\n\n\n\n<h3 class=\"wp-block-heading\">Protection des Donn\u00e9es Personnelles<\/h3>\n\n\n\n<p><strong>D\u00e9l\u00e9gu\u00e9 \u00e0 la Protection des Donn\u00e9es (DPO) :<\/strong><br>Nom : Arthur Gely<br>Adresse : 1B chemin des ch\u00eanes, 42390 Villars, France<br>E-mail : <a>a.gely@priizma.<\/a>com<br>T\u00e9l\u00e9phone : +33 7 81 09 30 48<\/p>\n\n\n\n<p><strong>Collecte et traitement des donn\u00e9es personnelles :<\/strong><br>Conform\u00e9ment \u00e0 la r\u00e9glementation g\u00e9n\u00e9rale sur la protection des donn\u00e9es (RGPD), nous collectons et traitons vos donn\u00e9es personnelles dans le but de vous fournir nos services, g\u00e9rer notre relation client et am\u00e9liorer votre exp\u00e9rience utilisateur. Pour plus d&rsquo;informations, veuillez consulter notre [Politique de Confidentialit\u00e9](lien vers la politique).<\/p>\n\n\n\n<p><strong>Droits des utilisateurs :<\/strong><br>Vous disposez d&rsquo;un droit d&rsquo;acc\u00e8s, de rectification, d&rsquo;effacement, de limitation du traitement, de portabilit\u00e9 des donn\u00e9es et d&rsquo;opposition pour motifs l\u00e9gitimes au traitement de vos donn\u00e9es personnelles. Pour exercer ces droits, veuillez contacter notre DPO.<\/p>\n\n\n\n<h3 class=\"wp-block-heading\">Propri\u00e9t\u00e9 Intellectuelle<\/h3>\n\n\n\n<p>Tous les contenus pr\u00e9sents sur ce site, incluant, de fa\u00e7on non limitative, les graphismes, images, textes, vid\u00e9os, animations, sons, logos, gifs et ic\u00f4nes ainsi que leur mise en forme sont la propri\u00e9t\u00e9 exclusive de Priizma, \u00e0 l&rsquo;exception des marques, logos ou contenus appartenant \u00e0 d&rsquo;autres soci\u00e9t\u00e9s partenaires ou auteurs.<\/p>\n\n\n\n<p>Toute reproduction, distribution, modification, adaptation, retransmission ou publication, m\u00eame partielle, de ces diff\u00e9rents \u00e9l\u00e9ments est strictement interdite sans l&rsquo;accord expr\u00e8s par \u00e9crit de Priizma. Cette repr\u00e9sentation ou reproduction, par quelque proc\u00e9d\u00e9 que ce soit, constitue une contrefa\u00e7on sanctionn\u00e9e par les articles L.335-2 et suivants du Code de la propri\u00e9t\u00e9 intellectuelle. Le non-respect de cette interdiction constitue une contrefa\u00e7on pouvant engager la responsabilit\u00e9 civile et p\u00e9nale du contrefacteur.<\/p>\n\n\n\n<p><strong>Contact :<\/strong><br>Pour toute demande d&rsquo;information, merci de nous contacter \u00e0 l&rsquo;adresse suivante :<br>Adresse : 1B chemin des ch\u00eanes, 42390 Villars, France<br>E-mail : <a>a.gely@priizma.<\/a>com<br>T\u00e9l\u00e9phone : +33 7 81 09 30 48<\/p>\n","protected":false},"excerpt":{"rendered":"<p>Priizma &#8211; Conseil en marketing pour PME et TPE Adresse :1B chemin des ch\u00eanes,42390 Villars, France T\u00e9l\u00e9phone :+33 7 81 09 30 48 Adresse e-mail :a.gely@priizma.com Num\u00e9ro SIRET :987 736 998 00012 Responsable de la publication :Arthur Gely, Fondateur et Directeur H\u00e9bergement du site :Nom de l&rsquo;h\u00e9bergeur : HostingerAdresse de l&rsquo;h\u00e9bergeur : HOSTINGER INTERNATIONAL LTD,&#8230;<\/p>\n","protected":false},"author":1,"featured_media":0,"parent":0,"menu_order":0,"comment_status":"closed","ping_status":"closed","template":"","meta":{"content-type":"","inline_featured_image":false,"_kad_post_transparent":"","_kad_post_title":"","_kad_post_layout":"","_kad_post_sidebar_id":"","_kad_post_content_style":"","_kad_post_vertical_padding":"","_kad_post_feature":"","_kad_post_feature_position":"","_kad_post_header":false,"_kad_post_footer":false,"_kad_post_classname":"","footnotes":""},"class_list":["post-221","page","type-page","status-publish","hentry"],"yoast_head":"<!-- This site is optimized with the Yoast SEO plugin v27.5 - https:\/\/yoast.com\/product\/yoast-seo-wordpress\/ -->\n<title>Identification du Professionnel - PRIIZMA<\/title>\n<meta name=\"robots\" content=\"index, follow, max-snippet:-1, max-image-preview:large, max-video-preview:-1\" \/>\n<link rel=\"canonical\" href=\"https:\/\/priizma.com\/index.php\/identification-du-professionnel\/\" \/>\n<meta property=\"og:locale\" content=\"fr_FR\" \/>\n<meta property=\"og:type\" content=\"article\" \/>\n<meta property=\"og:title\" content=\"Identification du Professionnel - PRIIZMA\" \/>\n<meta property=\"og:description\" content=\"Priizma &#8211; Conseil en marketing pour PME et TPE Adresse :1B chemin des ch\u00eanes,42390 Villars, France T\u00e9l\u00e9phone :+33 7 81 09 30 48 Adresse e-mail :a.gely@priizma.com Num\u00e9ro SIRET :987 736 998 00012 Responsable de la publication :Arthur Gely, Fondateur et Directeur H\u00e9bergement du site :Nom de l&rsquo;h\u00e9bergeur : HostingerAdresse de l&rsquo;h\u00e9bergeur : HOSTINGER INTERNATIONAL LTD,...\" \/>\n<meta property=\"og:url\" content=\"https:\/\/priizma.com\/index.php\/identification-du-professionnel\/\" \/>\n<meta property=\"og:site_name\" content=\"PRIIZMA\" \/>\n<meta name=\"twitter:card\" content=\"summary_large_image\" \/>\n<meta name=\"twitter:label1\" content=\"Dur\u00e9e de lecture estim\u00e9e\" \/>\n\t<meta name=\"twitter:data1\" content=\"2 minutes\" \/>\n<script type=\"application\/ld+json\" class=\"yoast-schema-graph\">{\"@context\":\"https:\\\/\\\/schema.org\",\"@graph\":[{\"@type\":\"WebPage\",\"@id\":\"https:\\\/\\\/priizma.com\\\/index.php\\\/identification-du-professionnel\\\/\",\"url\":\"https:\\\/\\\/priizma.com\\\/index.php\\\/identification-du-professionnel\\\/\",\"name\":\"Identification du Professionnel - PRIIZMA\",\"isPartOf\":{\"@id\":\"https:\\\/\\\/priizma.com\\\/#website\"},\"datePublished\":\"2024-06-10T12:20:40+00:00\",\"breadcrumb\":{\"@id\":\"https:\\\/\\\/priizma.com\\\/index.php\\\/identification-du-professionnel\\\/#breadcrumb\"},\"inLanguage\":\"fr-FR\",\"potentialAction\":[{\"@type\":\"ReadAction\",\"target\":[\"https:\\\/\\\/priizma.com\\\/index.php\\\/identification-du-professionnel\\\/\"]}]},{\"@type\":\"BreadcrumbList\",\"@id\":\"https:\\\/\\\/priizma.com\\\/index.php\\\/identification-du-professionnel\\\/#breadcrumb\",\"itemListElement\":[{\"@type\":\"ListItem\",\"position\":1,\"name\":\"Home\",\"item\":\"https:\\\/\\\/priizma.com\\\/\"},{\"@type\":\"ListItem\",\"position\":2,\"name\":\"Identification du Professionnel\"}]},{\"@type\":\"WebSite\",\"@id\":\"https:\\\/\\\/priizma.com\\\/#website\",\"url\":\"https:\\\/\\\/priizma.com\\\/\",\"name\":\"PRIIZMA\",\"description\":\"Le parcours de modernisation pour les entreprises du BTP\",\"publisher\":{\"@id\":\"https:\\\/\\\/priizma.com\\\/#\\\/schema\\\/person\\\/d43630f928d0637849fb59d1874787b6\"},\"potentialAction\":[{\"@type\":\"SearchAction\",\"target\":{\"@type\":\"EntryPoint\",\"urlTemplate\":\"https:\\\/\\\/priizma.com\\\/?s={search_term_string}\"},\"query-input\":{\"@type\":\"PropertyValueSpecification\",\"valueRequired\":true,\"valueName\":\"search_term_string\"}}],\"inLanguage\":\"fr-FR\"},{\"@type\":[\"Person\",\"Organization\"],\"@id\":\"https:\\\/\\\/priizma.com\\\/#\\\/schema\\\/person\\\/d43630f928d0637849fb59d1874787b6\",\"name\":\"priizma.com\",\"image\":{\"@type\":\"ImageObject\",\"inLanguage\":\"fr-FR\",\"@id\":\"https:\\\/\\\/priizma.com\\\/wp-content\\\/uploads\\\/2024\\\/03\\\/cropped-Logo-PRIIZMA-v2.png\",\"url\":\"https:\\\/\\\/priizma.com\\\/wp-content\\\/uploads\\\/2024\\\/03\\\/cropped-Logo-PRIIZMA-v2.png\",\"contentUrl\":\"https:\\\/\\\/priizma.com\\\/wp-content\\\/uploads\\\/2024\\\/03\\\/cropped-Logo-PRIIZMA-v2.png\",\"width\":1731,\"height\":1711,\"caption\":\"priizma.com\"},\"logo\":{\"@id\":\"https:\\\/\\\/priizma.com\\\/wp-content\\\/uploads\\\/2024\\\/03\\\/cropped-Logo-PRIIZMA-v2.png\"},\"sameAs\":[\"http:\\\/\\\/priizma.com\"]}]}<\/script>\n<!-- \/ Yoast SEO plugin. -->","yoast_head_json":{"title":"Identification du Professionnel - PRIIZMA","robots":{"index":"index","follow":"follow","max-snippet":"max-snippet:-1","max-image-preview":"max-image-preview:large","max-video-preview":"max-video-preview:-1"},"canonical":"https:\/\/priizma.com\/index.php\/identification-du-professionnel\/","og_locale":"fr_FR","og_type":"article","og_title":"Identification du Professionnel - PRIIZMA","og_description":"Priizma &#8211; Conseil en marketing pour PME et TPE Adresse :1B chemin des ch\u00eanes,42390 Villars, France T\u00e9l\u00e9phone :+33 7 81 09 30 48 Adresse e-mail :a.gely@priizma.com Num\u00e9ro SIRET :987 736 998 00012 Responsable de la publication :Arthur Gely, Fondateur et Directeur H\u00e9bergement du site :Nom de l&rsquo;h\u00e9bergeur : HostingerAdresse de l&rsquo;h\u00e9bergeur : HOSTINGER INTERNATIONAL LTD,...","og_url":"https:\/\/priizma.com\/index.php\/identification-du-professionnel\/","og_site_name":"PRIIZMA","twitter_card":"summary_large_image","twitter_misc":{"Dur\u00e9e de lecture estim\u00e9e":"2 minutes"},"schema":{"@context":"https:\/\/schema.org","@graph":[{"@type":"WebPage","@id":"https:\/\/priizma.com\/index.php\/identification-du-professionnel\/","url":"https:\/\/priizma.com\/index.php\/identification-du-professionnel\/","name":"Identification du Professionnel - PRIIZMA","isPartOf":{"@id":"https:\/\/priizma.com\/#website"},"datePublished":"2024-06-10T12:20:40+00:00","breadcrumb":{"@id":"https:\/\/priizma.com\/index.php\/identification-du-professionnel\/#breadcrumb"},"inLanguage":"fr-FR","potentialAction":[{"@type":"ReadAction","target":["https:\/\/priizma.com\/index.php\/identification-du-professionnel\/"]}]},{"@type":"BreadcrumbList","@id":"https:\/\/priizma.com\/index.php\/identification-du-professionnel\/#breadcrumb","itemListElement":[{"@type":"ListItem","position":1,"name":"Home","item":"https:\/\/priizma.com\/"},{"@type":"ListItem","position":2,"name":"Identification du Professionnel"}]},{"@type":"WebSite","@id":"https:\/\/priizma.com\/#website","url":"https:\/\/priizma.com\/","name":"PRIIZMA","description":"Le parcours de modernisation pour les entreprises du BTP","publisher":{"@id":"https:\/\/priizma.com\/#\/schema\/person\/d43630f928d0637849fb59d1874787b6"},"potentialAction":[{"@type":"SearchAction","target":{"@type":"EntryPoint","urlTemplate":"https:\/\/priizma.com\/?s={search_term_string}"},"query-input":{"@type":"PropertyValueSpecification","valueRequired":true,"valueName":"search_term_string"}}],"inLanguage":"fr-FR"},{"@type":["Person","Organization"],"@id":"https:\/\/priizma.com\/#\/schema\/person\/d43630f928d0637849fb59d1874787b6","name":"priizma.com","image":{"@type":"ImageObject","inLanguage":"fr-FR","@id":"https:\/\/priizma.com\/wp-content\/uploads\/2024\/03\/cropped-Logo-PRIIZMA-v2.png","url":"https:\/\/priizma.com\/wp-content\/uploads\/2024\/03\/cropped-Logo-PRIIZMA-v2.png","contentUrl":"https:\/\/priizma.com\/wp-content\/uploads\/2024\/03\/cropped-Logo-PRIIZMA-v2.png","width":1731,"height":1711,"caption":"priizma.com"},"logo":{"@id":"https:\/\/priizma.com\/wp-content\/uploads\/2024\/03\/cropped-Logo-PRIIZMA-v2.png"},"sameAs":["http:\/\/priizma.com"]}]}},"_links":{"self":[{"href":"https:\/\/priizma.com\/index.php\/wp-json\/wp\/v2\/pages\/221","targetHints":{"allow":["GET"]}}],"collection":[{"href":"https:\/\/priizma.com\/index.php\/wp-json\/wp\/v2\/pages"}],"about":[{"href":"https:\/\/priizma.com\/index.php\/wp-json\/wp\/v2\/types\/page"}],"author":[{"embeddable":true,"href":"https:\/\/priizma.com\/index.php\/wp-json\/wp\/v2\/users\/1"}],"replies":[{"embeddable":true,"href":"https:\/\/priizma.com\/index.php\/wp-json\/wp\/v2\/comments?post=221"}],"version-history":[{"count":1,"href":"https:\/\/priizma.com\/index.php\/wp-json\/wp\/v2\/pages\/221\/revisions"}],"predecessor-version":[{"id":222,"href":"https:\/\/priizma.com\/index.php\/wp-json\/wp\/v2\/pages\/221\/revisions\/222"}],"wp:attachment":[{"href":"https:\/\/priizma.com\/index.php\/wp-json\/wp\/v2\/media?parent=221"}],"curies":[{"name":"wp","href":"https:\/\/api.w.org\/{rel}","templated":true}]}}